{"id":2496,"date":"2021-08-25T17:42:52","date_gmt":"2021-08-25T17:42:52","guid":{"rendered":"https:\/\/questions-in-coaching.aau.at\/?page_id=2496"},"modified":"2022-02-24T07:51:14","modified_gmt":"2022-02-24T07:51:14","slug":"hansjorg-kunzli","status":"publish","type":"page","link":"https:\/\/questions-in-coaching.aau.at\/en\/team\/zurich\/hansjorg-kunzli\/","title":{"rendered":"Hansj\u00f6rg K\u00fcnzli"},"content":{"rendered":"\n<div class=\"wp-block-group is-layout-flow wp-block-group-is-layout-flow\">\n<div class=\"wp-block-media-text alignwide is-stacked-on-mobile\" style=\"grid-template-columns:24% auto\"><figure class=\"wp-block-media-text__media\"><img loading=\"lazy\" decoding=\"async\" width=\"732\" height=\"1024\" src=\"https:\/\/questions-in-coaching.aau.at\/wp-content\/uploads\/2021\/04\/Hansjorg_neu_7.5-732x1024.jpg\" alt=\"\" class=\"wp-image-2671 size-full\" srcset=\"https:\/\/questions-in-coaching.aau.at\/wp-content\/uploads\/2021\/04\/Hansjorg_neu_7.5-732x1024.jpg 732w, https:\/\/questions-in-coaching.aau.at\/wp-content\/uploads\/2021\/04\/Hansjorg_neu_7.5-214x300.jpg 214w, https:\/\/questions-in-coaching.aau.at\/wp-content\/uploads\/2021\/04\/Hansjorg_neu_7.5-768x1075.jpg 768w, https:\/\/questions-in-coaching.aau.at\/wp-content\/uploads\/2021\/04\/Hansjorg_neu_7.5-1098x1536.jpg 1098w, https:\/\/questions-in-coaching.aau.at\/wp-content\/uploads\/2021\/04\/Hansjorg_neu_7.5.jpg 1114w\" sizes=\"auto, (max-width: 732px) 100vw, 732px\" \/><\/figure><div class=\"wp-block-media-text__content\">\n<h1 class=\"wp-block-heading\">Prof. Hansj\u00f6rg K\u00fcnzli<\/h1>\n\n\n\n<h3 class=\"wp-block-heading\">Zurich University of Applied Sciences<\/h3>\n\n\n\n<div style=\"height:20px\" aria-hidden=\"true\" class=\"wp-block-spacer\"><\/div>\n\n\n\n<p>Hansj\u00f6rg K\u00fcnzli is head of the specialist group \u201cDiagnostics and Counselling\u201d at the Department of Psychology at the Zurich University of Applied Sciences. He is responsible for instruction in the diagnostic subjects, counselling, and methodology. He conducts research and gives lectures on coaching, career counselling, online counselling, online diagnostics, and chatbot coaching. He is particularly interested in effectiveness and success factor research, particularly in terms of appropriate responsiveness, i.e., aiming to do what is best for the coachee at all times. He is the Swiss project manager for \u201cQuestioning Sequences in Coaching\u201d and will bring a psychological perspective on the coaching conversations to the project.<\/p>\n\n\n\n<p>Furthermore, Hansj\u00f6rg K\u00fcnzli is trained in systemic organizational development and systemic and hypno-systemic coaching.<\/p>\n<\/div><\/div>\n<\/div>\n\n\n\n<div class=\"wp-block-qubely-row qubely-section qubely-block-3e1821\"><div class=\"qubely-row-overlay\"><\/div><div class=\"qubely-container\"><div class=\"qubely-row \">\n<div class=\"wp-block-qubely-column qubely-column qubely-column-front qubely-block-8608cf\"><div class=\"qubely-column-inner\">\n<div class=\"wp-block-qubely-infobox qubely-block-904a85\"><div class=\"qubely-block-info-box  qubely-info-box-layout-1\"><div class=\"qubely-info-box-media\"><i class=\"qubely-info-box-icon fas fa-envelope\"><\/i><\/div><div class=\"qubely-info-box-body\"><div class=\"qubely-info-box-title-container  qubely-separator-position-top\"><div class=\"qubely-info-box-title-inner\"><h2 class=\"qubely-info-box-title\">Mail<\/h2><\/div><\/div><div class=\"qubely-block-btn-wrapper\"><div class=\"qubely-block-btn\"><a class=\"qubely-block-btn-anchor is-medium\" href=\"mailto:hansjoerg.kuenzli@zhaw.ch\">hansjoerg.kuenzli@zhaw.ch<\/a><\/div><\/div><\/div><\/div><\/div>\n<\/div><\/div>\n\n\n\n<div class=\"wp-block-qubely-column qubely-column qubely-column-front qubely-block-695fd1\"><div class=\"qubely-column-inner\">\n<div class=\"wp-block-qubely-infobox qubely-block-0f748f\"><div class=\"qubely-block-info-box  qubely-info-box-layout-1\"><div class=\"qubely-info-box-media\"><i class=\"qubely-info-box-icon fas fa-phone\"><\/i><\/div><div class=\"qubely-info-box-body\"><div class=\"qubely-info-box-title-container  qubely-separator-position-top\"><div class=\"qubely-info-box-title-inner\"><h2 class=\"qubely-info-box-title\">Phone<\/h2><\/div><\/div><div class=\"qubely-block-btn-wrapper\"><div class=\"qubely-block-btn\"><a class=\"qubely-block-btn-anchor is-medium\" href=\"tel:+41589348463\">+41 58 934 84 63<\/a><\/div><\/div><\/div><\/div><\/div>\n<\/div><\/div>\n<\/div><\/div><\/div>\n\n\n\n<div class=\"wp-block-qubely-row qubely-section qubely-block-23cb9f\"><div class=\"qubely-row-overlay\"><\/div><div class=\"qubely-container\"><div class=\"qubely-row \">\n<div class=\"wp-block-qubely-column qubely-column qubely-column-front qubely-block-abd6fc\"><div class=\"qubely-column-inner\">\n<div class=\"wp-block-qubely-infobox qubely-block-1e0282\"><div class=\"qubely-block-info-box  qubely-info-box-layout-1\"><div class=\"qubely-info-box-media\"><i class=\"qubely-info-box-icon fas fa-address-card\"><\/i><\/div><div class=\"qubely-info-box-body\"><div class=\"qubely-info-box-title-container  qubely-separator-position-top\"><div class=\"qubely-info-box-title-inner\"><h2 class=\"qubely-info-box-title\">ZHAW<\/h2><\/div><\/div><div class=\"qubely-block-btn-wrapper\"><div class=\"qubely-block-btn\"><a class=\"qubely-block-btn-anchor is-medium\" href=\"https:\/\/www.zhaw.ch\/en\/about-us\/person\/kasg\/\" target=\"_blank\" rel=\"noopener noreferrer\">Visit business card<\/a><\/div><\/div><\/div><\/div><\/div>\n<\/div><\/div>\n\n\n\n<div class=\"wp-block-qubely-column qubely-column qubely-column-front qubely-block-401c95\"><div class=\"qubely-column-inner\">\n<div class=\"wp-block-qubely-infobox qubely-block-a3c027\"><div class=\"qubely-block-info-box  qubely-info-box-layout-1\"><div class=\"qubely-info-box-media\"><i class=\"qubely-info-box-icon fas fa-handshake\"><\/i><\/div><div class=\"qubely-info-box-body\"><div class=\"qubely-info-box-title-container  qubely-separator-position-top\"><div class=\"qubely-info-box-title-inner\"><h2 class=\"qubely-info-box-title\">Diagnostics and Counselling<\/h2><\/div><\/div><div class=\"qubely-block-btn-wrapper\"><div class=\"qubely-block-btn\"><a class=\"qubely-block-btn-anchor is-medium\" href=\"https:\/\/www.zhaw.ch\/en\/psychology\/research\/diagnostics-and-counselling\/\" target=\"_blank\" rel=\"noopener noreferrer\">Visit website<\/a><\/div><\/div><\/div><\/div><\/div>\n<\/div><\/div>\n\n\n\n<div class=\"wp-block-qubely-column qubely-column qubely-column-front qubely-block-ac49f2\"><div class=\"qubely-column-inner\">\n<div class=\"wp-block-qubely-infobox qubely-block-c6d4d4\"><div class=\"qubely-block-info-box  qubely-info-box-layout-1\"><div class=\"qubely-info-box-media\"><i class=\"qubely-info-box-icon fas fa-university\"><\/i><\/div><div class=\"qubely-info-box-body\"><div class=\"qubely-info-box-title-container  qubely-separator-position-top\"><div class=\"qubely-info-box-title-inner\"><h2 class=\"qubely-info-box-title\">Psychological Institute<\/h2><\/div><\/div><div class=\"qubely-block-btn-wrapper\"><div class=\"qubely-block-btn\"><a class=\"qubely-block-btn-anchor is-medium\" href=\"https:\/\/www.zhaw.ch\/en\/psychology\/institutes\/pi\/\" target=\"_blank\" rel=\"noopener noreferrer\">Visit website<\/a><\/div><\/div><\/div><\/div><\/div>\n<\/div><\/div>\n<\/div><\/div><\/div>\n","protected":false},"excerpt":{"rendered":"<p>Prof. Hansj\u00f6rg K\u00fcnzli Zurich University of Applied Sciences Hansj\u00f6rg K\u00fcnzli is head of the specialist group \u201cDiagnostics and Counselling\u201d at the Department of Psychology at the Zurich University of Applied Sciences. He is responsible for instruction in the diagnostic subjects, counselling, and methodology. He conducts research and gives lectures on coaching, career counselling, online counselling, [&hellip;]<\/p>\n","protected":false},"author":1,"featured_media":0,"parent":2494,"menu_order":0,"comment_status":"closed","ping_status":"closed","template":"","meta":{"qubely_global_settings":"","qubely_interactions":"","advgb_blocks_editor_width":"","advgb_blocks_columns_visual_guide":"","footnotes":""},"class_list":["post-2496","page","type-page","status-publish","hentry"],"blocksy_meta":{"styles_descriptor":{"styles":{"desktop":"","tablet":"","mobile":""},"google_fonts":[],"version":6}},"coauthors":[],"author_meta":{"author_link":"https:\/\/questions-in-coaching.aau.at\/en\/author\/qicadmin\/","display_name":"QueSCo"},"relative_dates":{"created":"Posted 5 years ago","modified":"Updated 4 years ago"},"absolute_dates":{"created":"Posted on August 25, 2021","modified":"Updated on February 24, 2022"},"absolute_dates_time":{"created":"Posted on August 25, 2021 5:42 pm","modified":"Updated on February 24, 2022 7:51 am"},"featured_img_caption":"","featured_img":false,"series_order":"","_links":{"self":[{"href":"https:\/\/questions-in-coaching.aau.at\/en\/wp-json\/wp\/v2\/pages\/2496","targetHints":{"allow":["GET"]}}],"collection":[{"href":"https:\/\/questions-in-coaching.aau.at\/en\/wp-json\/wp\/v2\/pages"}],"about":[{"href":"https:\/\/questions-in-coaching.aau.at\/en\/wp-json\/wp\/v2\/types\/page"}],"author":[{"embeddable":true,"href":"https:\/\/questions-in-coaching.aau.at\/en\/wp-json\/wp\/v2\/users\/1"}],"replies":[{"embeddable":true,"href":"https:\/\/questions-in-coaching.aau.at\/en\/wp-json\/wp\/v2\/comments?post=2496"}],"version-history":[{"count":12,"href":"https:\/\/questions-in-coaching.aau.at\/en\/wp-json\/wp\/v2\/pages\/2496\/revisions"}],"predecessor-version":[{"id":3560,"href":"https:\/\/questions-in-coaching.aau.at\/en\/wp-json\/wp\/v2\/pages\/2496\/revisions\/3560"}],"up":[{"embeddable":true,"href":"https:\/\/questions-in-coaching.aau.at\/en\/wp-json\/wp\/v2\/pages\/2494"}],"wp:attachment":[{"href":"https:\/\/questions-in-coaching.aau.at\/en\/wp-json\/wp\/v2\/media?parent=2496"}],"curies":[{"name":"wp","href":"https:\/\/api.w.org\/{rel}","templated":true}]}}