{"id":2482,"date":"2021-08-25T17:17:29","date_gmt":"2021-08-25T17:17:29","guid":{"rendered":"https:\/\/questions-in-coaching.aau.at\/?page_id=2482"},"modified":"2021-11-23T11:39:00","modified_gmt":"2021-11-23T11:39:00","slug":"frederick-dionne","status":"publish","type":"page","link":"https:\/\/questions-in-coaching.aau.at\/en\/team\/klagenfurt\/frederick-dionne\/","title":{"rendered":"Fr\u00e9d\u00e9rick Dionne"},"content":{"rendered":"\n<div class=\"wp-block-group is-layout-flow wp-block-group-is-layout-flow\">\n<div class=\"wp-block-media-text alignwide is-stacked-on-mobile\" style=\"grid-template-columns:24% auto\"><figure class=\"wp-block-media-text__media\"><img loading=\"lazy\" decoding=\"async\" width=\"732\" height=\"1024\" src=\"https:\/\/questions-in-coaching.aau.at\/wp-content\/uploads\/2021\/11\/Frederick_neu_7.5-732x1024.jpg\" alt=\"\" class=\"wp-image-3285 size-full\" srcset=\"https:\/\/questions-in-coaching.aau.at\/wp-content\/uploads\/2021\/11\/Frederick_neu_7.5-732x1024.jpg 732w, https:\/\/questions-in-coaching.aau.at\/wp-content\/uploads\/2021\/11\/Frederick_neu_7.5-214x300.jpg 214w, https:\/\/questions-in-coaching.aau.at\/wp-content\/uploads\/2021\/11\/Frederick_neu_7.5-768x1075.jpg 768w, https:\/\/questions-in-coaching.aau.at\/wp-content\/uploads\/2021\/11\/Frederick_neu_7.5-1097x1536.jpg 1097w, https:\/\/questions-in-coaching.aau.at\/wp-content\/uploads\/2021\/11\/Frederick_neu_7.5-1463x2048.jpg 1463w, https:\/\/questions-in-coaching.aau.at\/wp-content\/uploads\/2021\/11\/Frederick_neu_7.5-scaled.jpg 1829w\" sizes=\"auto, (max-width: 732px) 100vw, 732px\" \/><\/figure><div class=\"wp-block-media-text__content\">\n<h1 class=\"wp-block-heading\">Fr\u00e9d\u00e9rick Dionne, BA MA<\/h1>\n\n\n\n<h3 class=\"wp-block-heading\">English Department (University of Klagenfurt)<\/h3>\n\n\n\n<div style=\"height:20px\" aria-hidden=\"true\" class=\"wp-block-spacer\"><\/div>\n\n\n\n<p>Fr\u00e9d\u00e9rick Dionne is an applied linguist and has been working on sociolinguistic (and especially gender linguistic) topics for several years. In recent years, she has turned her focus to the scientific study of coaching and is currently writing her dissertation on this topic. As a pre-doc research associate in &#8220;Questioning Sequences in Coaching&#8221;, Fr\u00e9d\u00e9rick analyzes clients\u2019 responses and is involved in the development of a coaching-specific typology of questioning sequences.<\/p>\n<\/div><\/div>\n<\/div>\n\n\n\n<div class=\"wp-block-qubely-row qubely-section qubely-block-3c8ae6\"><div class=\"qubely-row-overlay\"><\/div><div class=\"qubely-container\"><div class=\"qubely-row \">\n<div class=\"wp-block-qubely-column qubely-column qubely-column-front qubely-block-dd711f\"><div class=\"qubely-column-inner\">\n<div class=\"wp-block-qubely-infobox qubely-block-d9341d\"><div class=\"qubely-block-info-box  qubely-info-box-layout-1\"><div class=\"qubely-info-box-media\"><i class=\"qubely-info-box-icon fas fa-envelope\"><\/i><\/div><div class=\"qubely-info-box-body\"><div class=\"qubely-info-box-title-container  qubely-separator-position-top\"><div class=\"qubely-info-box-title-inner\"><h2 class=\"qubely-info-box-title\">Mail <\/h2><\/div><\/div><div class=\"qubely-block-btn-wrapper\"><div class=\"qubely-block-btn\"><a class=\"qubely-block-btn-anchor is-medium\" href=\"mailto:Frederick.Dionne@aau.at\">Frederick.Dionne@aau.at<\/a><\/div><\/div><\/div><\/div><\/div>\n<\/div><\/div>\n\n\n\n<div class=\"wp-block-qubely-column qubely-column qubely-column-front qubely-block-5ae399\"><div class=\"qubely-column-inner\">\n<div class=\"wp-block-qubely-infobox qubely-block-e3cbf7\"><div class=\"qubely-block-info-box  qubely-info-box-layout-1\"><div class=\"qubely-info-box-media\"><i class=\"qubely-info-box-icon fas fa-address-card\"><\/i><\/div><div class=\"qubely-info-box-body\"><div class=\"qubely-info-box-title-container  qubely-separator-position-top\"><div class=\"qubely-info-box-title-inner\"><h2 class=\"qubely-info-box-title\">AAU<\/h2><\/div><\/div><div class=\"qubely-block-btn-wrapper\"><div class=\"qubely-block-btn\"><a class=\"qubely-block-btn-anchor is-medium\" href=\"https:\/\/www.aau.at\/en\/team\/dionne-frederick\/\" target=\"_blank\" rel=\"noopener noreferrer\">Visit business card<\/a><\/div><\/div><\/div><\/div><\/div>\n<\/div><\/div>\n\n\n\n<div class=\"wp-block-qubely-column qubely-column qubely-column-front qubely-block-9e5dee\"><div class=\"qubely-column-inner\">\n<div class=\"wp-block-qubely-infobox qubely-block-b61d8b\"><div class=\"qubely-block-info-box  qubely-info-box-layout-1\"><div class=\"qubely-info-box-media\"><i class=\"qubely-info-box-icon fas fa-book\"><\/i><\/div><div class=\"qubely-info-box-body\"><div class=\"qubely-info-box-title-container  qubely-separator-position-top\"><div class=\"qubely-info-box-title-inner\"><h2 class=\"qubely-info-box-title\">Researchgate<\/h2><\/div><\/div><div class=\"qubely-block-btn-wrapper\"><div class=\"qubely-block-btn\"><a class=\"qubely-block-btn-anchor is-medium\" href=\"https:\/\/www.researchgate.net\/profile\/Frederick_Dionne2\" target=\"_blank\" rel=\"noopener noreferrer\">Visit profile<\/a><\/div><\/div><\/div><\/div><\/div>\n<\/div><\/div>\n<\/div><\/div><\/div>\n\n\n\n<p><\/p>\n","protected":false},"excerpt":{"rendered":"<p>Fr\u00e9d\u00e9rick Dionne, BA MA English Department (University of Klagenfurt) Fr\u00e9d\u00e9rick Dionne is an applied linguist and has been working on sociolinguistic (and especially gender linguistic) topics for several years. In recent years, she has turned her focus to the scientific study of coaching and is currently writing her dissertation on this topic. As a pre-doc [&hellip;]<\/p>\n","protected":false},"author":1,"featured_media":0,"parent":2480,"menu_order":0,"comment_status":"closed","ping_status":"closed","template":"","meta":{"qubely_global_settings":"","qubely_interactions":"","advgb_blocks_editor_width":"","advgb_blocks_columns_visual_guide":"","footnotes":""},"class_list":["post-2482","page","type-page","status-publish","hentry"],"blocksy_meta":{"styles_descriptor":{"styles":{"desktop":"","tablet":"","mobile":""},"google_fonts":[],"version":6}},"coauthors":[],"author_meta":{"author_link":"https:\/\/questions-in-coaching.aau.at\/en\/author\/qicadmin\/","display_name":"QueSCo"},"relative_dates":{"created":"Posted 5 years ago","modified":"Updated 4 years ago"},"absolute_dates":{"created":"Posted on August 25, 2021","modified":"Updated on November 23, 2021"},"absolute_dates_time":{"created":"Posted on August 25, 2021 5:17 pm","modified":"Updated on November 23, 2021 11:39 am"},"featured_img_caption":"","featured_img":false,"series_order":"","_links":{"self":[{"href":"https:\/\/questions-in-coaching.aau.at\/en\/wp-json\/wp\/v2\/pages\/2482","targetHints":{"allow":["GET"]}}],"collection":[{"href":"https:\/\/questions-in-coaching.aau.at\/en\/wp-json\/wp\/v2\/pages"}],"about":[{"href":"https:\/\/questions-in-coaching.aau.at\/en\/wp-json\/wp\/v2\/types\/page"}],"author":[{"embeddable":true,"href":"https:\/\/questions-in-coaching.aau.at\/en\/wp-json\/wp\/v2\/users\/1"}],"replies":[{"embeddable":true,"href":"https:\/\/questions-in-coaching.aau.at\/en\/wp-json\/wp\/v2\/comments?post=2482"}],"version-history":[{"count":3,"href":"https:\/\/questions-in-coaching.aau.at\/en\/wp-json\/wp\/v2\/pages\/2482\/revisions"}],"predecessor-version":[{"id":3294,"href":"https:\/\/questions-in-coaching.aau.at\/en\/wp-json\/wp\/v2\/pages\/2482\/revisions\/3294"}],"up":[{"embeddable":true,"href":"https:\/\/questions-in-coaching.aau.at\/en\/wp-json\/wp\/v2\/pages\/2480"}],"wp:attachment":[{"href":"https:\/\/questions-in-coaching.aau.at\/en\/wp-json\/wp\/v2\/media?parent=2482"}],"curies":[{"name":"wp","href":"https:\/\/api.w.org\/{rel}","templated":true}]}}