{"id":2481,"date":"2021-08-25T17:15:33","date_gmt":"2021-08-25T17:15:33","guid":{"rendered":"https:\/\/questions-in-coaching.aau.at\/?page_id=2481"},"modified":"2021-11-24T13:54:55","modified_gmt":"2021-11-24T13:54:55","slug":"eva-maria-graf","status":"publish","type":"page","link":"https:\/\/questions-in-coaching.aau.at\/en\/team\/klagenfurt\/eva-maria-graf\/","title":{"rendered":"Eva-Maria Graf"},"content":{"rendered":"\n<div class=\"wp-block-group is-layout-flow wp-block-group-is-layout-flow\">\n<div class=\"wp-block-media-text alignwide is-stacked-on-mobile\" style=\"grid-template-columns:24% auto\"><figure class=\"wp-block-media-text__media\"><img loading=\"lazy\" decoding=\"async\" width=\"732\" height=\"1024\" src=\"https:\/\/questions-in-coaching.aau.at\/wp-content\/uploads\/2021\/11\/Eva_neu_7.5-732x1024.jpg\" alt=\"\" class=\"wp-image-3309 size-full\" srcset=\"https:\/\/questions-in-coaching.aau.at\/wp-content\/uploads\/2021\/11\/Eva_neu_7.5-732x1024.jpg 732w, https:\/\/questions-in-coaching.aau.at\/wp-content\/uploads\/2021\/11\/Eva_neu_7.5-214x300.jpg 214w, https:\/\/questions-in-coaching.aau.at\/wp-content\/uploads\/2021\/11\/Eva_neu_7.5-768x1075.jpg 768w, https:\/\/questions-in-coaching.aau.at\/wp-content\/uploads\/2021\/11\/Eva_neu_7.5-1098x1536.jpg 1098w, https:\/\/questions-in-coaching.aau.at\/wp-content\/uploads\/2021\/11\/Eva_neu_7.5-1463x2048.jpg 1463w, https:\/\/questions-in-coaching.aau.at\/wp-content\/uploads\/2021\/11\/Eva_neu_7.5-scaled.jpg 1829w\" sizes=\"auto, (max-width: 732px) 100vw, 732px\" \/><\/figure><div class=\"wp-block-media-text__content\">\n<h1 class=\"wp-block-heading\">Assoz. Prof. Dr. Eva-Maria Graf<\/h1>\n\n\n\n<h3 class=\"wp-block-heading\">English Department (University of Klagenfurt)<\/h3>\n\n\n\n<div style=\"height:20px\" aria-hidden=\"true\" class=\"wp-block-spacer\"><\/div>\n\n\n\n<p>Eva-Maria Graf is a professor of applied linguistics working on, among other things, helping professional interactions with a special focus on coaching. She is a founder of linguistic coaching process research. Amongst numerous other publications in this field, she has authored the first linguistic monograph on coaching (&#8220;The Pragmatics of Executive Coaching&#8221;). In addition to the overall project management of the \u201cDACH\u201d research project &#8220;Question Sequences in Coaching&#8221;, she leads the Austrian team based in Klagenfurt. She has already been granted &#8211; also by the Austrian Science Fund (FWF) &#8211; a three-year \u201cElise-Richter Habilitation\u201d Fellowship.<\/p>\n\n\n\n<p>Eva-Maria Graf has been working as a coach for many years focusing on coaching in academia. She is also a senior coach and trainer. Together with Hansj\u00f6rg K\u00fcnzli (as well as Elke Berninger-Sch\u00e4fer and Robert Wegener), she is editor-in-chief of the journal <em>Coaching | Theory &amp; Practice<\/em>.<\/p>\n<\/div><\/div>\n<\/div>\n\n\n\n<div class=\"wp-block-qubely-row qubely-section qubely-block-10b6ed\"><div class=\"qubely-row-overlay\"><\/div><div class=\"qubely-container\"><div class=\"qubely-row \">\n<div class=\"wp-block-qubely-column qubely-column qubely-column-front qubely-block-8765ec\"><div class=\"qubely-column-inner\">\n<div class=\"wp-block-qubely-infobox qubely-block-6cb477\"><div class=\"qubely-block-info-box  qubely-info-box-layout-1\"><div class=\"qubely-info-box-media\"><i class=\"qubely-info-box-icon fas fa-envelope\"><\/i><\/div><div class=\"qubely-info-box-body\"><div class=\"qubely-info-box-title-container  qubely-separator-position-top\"><div class=\"qubely-info-box-title-inner\"><h2 class=\"qubely-info-box-title\">Mail <\/h2><\/div><\/div><div class=\"qubely-block-btn-wrapper\"><div class=\"qubely-block-btn\"><a class=\"qubely-block-btn-anchor is-medium\" href=\"mailto:Eva-Maria.Graf@aau.at\">Eva-Maria.Graf@aau.at<\/a><\/div><\/div><\/div><\/div><\/div>\n<\/div><\/div>\n\n\n\n<div class=\"wp-block-qubely-column qubely-column qubely-column-front qubely-block-26fcab\"><div class=\"qubely-column-inner\">\n<div class=\"wp-block-qubely-infobox qubely-block-98be2e\"><div class=\"qubely-block-info-box  qubely-info-box-layout-1\"><div class=\"qubely-info-box-media\"><i class=\"qubely-info-box-icon fas fa-phone\"><\/i><\/div><div class=\"qubely-info-box-body\"><div class=\"qubely-info-box-title-container  qubely-separator-position-top\"><div class=\"qubely-info-box-title-inner\"><h2 class=\"qubely-info-box-title\">Phone<\/h2><\/div><\/div><div class=\"qubely-block-btn-wrapper\"><div class=\"qubely-block-btn\"><a class=\"qubely-block-btn-anchor is-medium\" href=\"tel:+4346327002516\">+43 463 2700 2516<\/a><\/div><\/div><\/div><\/div><\/div>\n<\/div><\/div>\n\n\n\n<div class=\"wp-block-qubely-column qubely-column qubely-column-front qubely-block-937b60\"><div class=\"qubely-column-inner\">\n<div class=\"wp-block-qubely-infobox qubely-block-af9d0e\"><div class=\"qubely-block-info-box  qubely-info-box-layout-1\"><div class=\"qubely-info-box-media\"><i class=\"qubely-info-box-icon fas fa-address-card\"><\/i><\/div><div class=\"qubely-info-box-body\"><div class=\"qubely-info-box-title-container  qubely-separator-position-top\"><div class=\"qubely-info-box-title-inner\"><h2 class=\"qubely-info-box-title\">AAU<\/h2><\/div><\/div><div class=\"qubely-block-btn-wrapper\"><div class=\"qubely-block-btn\"><a class=\"qubely-block-btn-anchor is-medium\" href=\"https:\/\/www.aau.at\/en\/team\/graf-eva-maria\/\" target=\"_blank\" rel=\"noopener noreferrer\">Visit business card<\/a><\/div><\/div><\/div><\/div><\/div>\n<\/div><\/div>\n<\/div><\/div><\/div>\n\n\n\n<div class=\"wp-block-qubely-row qubely-section qubely-block-55811a\"><div class=\"qubely-row-overlay\"><\/div><div class=\"qubely-container\"><div class=\"qubely-row \">\n<div class=\"wp-block-qubely-column qubely-column qubely-column-front qubely-block-8472e4\"><div class=\"qubely-column-inner\">\n<div class=\"wp-block-qubely-infobox qubely-block-2f74f9\"><div class=\"qubely-block-info-box  qubely-info-box-layout-1\"><div class=\"qubely-info-box-media\"><i class=\"qubely-info-box-icon fas fa-book-reader\"><\/i><\/div><div class=\"qubely-info-box-body\"><div class=\"qubely-info-box-title-container  qubely-separator-position-top\"><div class=\"qubely-info-box-title-inner\"><h2 class=\"qubely-info-box-title\">Editor-in-Chief<\/h2><\/div><\/div><div class=\"qubely-block-btn-wrapper\"><div class=\"qubely-block-btn\"><a class=\"qubely-block-btn-anchor is-medium\" href=\"https:\/\/www.springer.com\/journal\/40896\" target=\"_blank\" rel=\"noopener noreferrer\">Coaching | Theory &amp; Practice<\/a><\/div><\/div><\/div><\/div><\/div>\n<\/div><\/div>\n\n\n\n<div class=\"wp-block-qubely-column qubely-column qubely-column-front qubely-block-2c5c51\"><div class=\"qubely-column-inner\">\n<div class=\"wp-block-qubely-infobox qubely-block-dc315c\"><div class=\"qubely-block-info-box  qubely-info-box-layout-1\"><div class=\"qubely-info-box-media\"><i class=\"qubely-info-box-icon fas fa-book\"><\/i><\/div><div class=\"qubely-info-box-body\"><div class=\"qubely-info-box-title-container  qubely-separator-position-top\"><div class=\"qubely-info-box-title-inner\"><h2 class=\"qubely-info-box-title\">Researchgate<\/h2><\/div><\/div><div class=\"qubely-block-btn-wrapper\"><div class=\"qubely-block-btn\"><a class=\"qubely-block-btn-anchor is-medium\" href=\"https:\/\/www.researchgate.net\/profile\/Eva-Graf-2\" target=\"_blank\" rel=\"noopener noreferrer\">Visit profile<\/a><\/div><\/div><\/div><\/div><\/div>\n<\/div><\/div>\n\n\n\n<div class=\"wp-block-qubely-column qubely-column qubely-column-front qubely-block-e40940\"><div class=\"qubely-column-inner\">\n<div class=\"wp-block-qubely-infobox qubely-block-8b1a84\"><div class=\"qubely-block-info-box  qubely-info-box-layout-1\"><div class=\"qubely-info-box-media\"><i class=\"qubely-info-box-icon fas fa-book-open\"><\/i><\/div><div class=\"qubely-info-box-body\"><div class=\"qubely-info-box-title-container  qubely-separator-position-top\"><div class=\"qubely-info-box-title-inner\"><h2 class=\"qubely-info-box-title\">Orcid<\/h2><\/div><\/div><div class=\"qubely-block-btn-wrapper\"><div class=\"qubely-block-btn\"><a class=\"qubely-block-btn-anchor is-medium\" href=\"https:\/\/orcid.org\/0000-0002-6498-8105\" target=\"_blank\" rel=\"noopener noreferrer\">Visit profile<\/a><\/div><\/div><\/div><\/div><\/div>\n<\/div><\/div>\n<\/div><\/div><\/div>\n","protected":false},"excerpt":{"rendered":"<p>Assoz. Prof. Dr. Eva-Maria Graf English Department (University of Klagenfurt) Eva-Maria Graf is a professor of applied linguistics working on, among other things, helping professional interactions with a special focus on coaching. She is a founder of linguistic coaching process research. Amongst numerous other publications in this field, she has authored the first linguistic monograph [&hellip;]<\/p>\n","protected":false},"author":1,"featured_media":0,"parent":2480,"menu_order":0,"comment_status":"closed","ping_status":"closed","template":"","meta":{"qubely_global_settings":"","qubely_interactions":"","advgb_blocks_editor_width":"","advgb_blocks_columns_visual_guide":"","footnotes":""},"class_list":["post-2481","page","type-page","status-publish","hentry"],"blocksy_meta":{"styles_descriptor":{"styles":{"desktop":"","tablet":"","mobile":""},"google_fonts":[],"version":6}},"coauthors":[],"author_meta":{"author_link":"https:\/\/questions-in-coaching.aau.at\/en\/author\/qicadmin\/","display_name":"QueSCo"},"relative_dates":{"created":"Posted 5 years ago","modified":"Updated 4 years ago"},"absolute_dates":{"created":"Posted on August 25, 2021","modified":"Updated on November 24, 2021"},"absolute_dates_time":{"created":"Posted on August 25, 2021 5:15 pm","modified":"Updated on November 24, 2021 1:54 pm"},"featured_img_caption":"","featured_img":false,"series_order":"","_links":{"self":[{"href":"https:\/\/questions-in-coaching.aau.at\/en\/wp-json\/wp\/v2\/pages\/2481","targetHints":{"allow":["GET"]}}],"collection":[{"href":"https:\/\/questions-in-coaching.aau.at\/en\/wp-json\/wp\/v2\/pages"}],"about":[{"href":"https:\/\/questions-in-coaching.aau.at\/en\/wp-json\/wp\/v2\/types\/page"}],"author":[{"embeddable":true,"href":"https:\/\/questions-in-coaching.aau.at\/en\/wp-json\/wp\/v2\/users\/1"}],"replies":[{"embeddable":true,"href":"https:\/\/questions-in-coaching.aau.at\/en\/wp-json\/wp\/v2\/comments?post=2481"}],"version-history":[{"count":7,"href":"https:\/\/questions-in-coaching.aau.at\/en\/wp-json\/wp\/v2\/pages\/2481\/revisions"}],"predecessor-version":[{"id":3313,"href":"https:\/\/questions-in-coaching.aau.at\/en\/wp-json\/wp\/v2\/pages\/2481\/revisions\/3313"}],"up":[{"embeddable":true,"href":"https:\/\/questions-in-coaching.aau.at\/en\/wp-json\/wp\/v2\/pages\/2480"}],"wp:attachment":[{"href":"https:\/\/questions-in-coaching.aau.at\/en\/wp-json\/wp\/v2\/media?parent=2481"}],"curies":[{"name":"wp","href":"https:\/\/api.w.org\/{rel}","templated":true}]}}