{"id":2468,"date":"2021-08-04T15:13:37","date_gmt":"2021-08-04T15:13:37","guid":{"rendered":"https:\/\/questions-in-coaching.aau.at\/?page_id=2468"},"modified":"2021-08-27T08:03:44","modified_gmt":"2021-08-27T08:03:44","slug":"legal-notice","status":"publish","type":"page","link":"https:\/\/questions-in-coaching.aau.at\/en\/legal-notice\/","title":{"rendered":"Legal Notice"},"content":{"rendered":"\n<h1 class=\"wp-block-heading\">Legal notice<\/h1>\n\n\n\n<p>Disclosure as per section 25 MedienG [Media Act]<\/p>\n\n\n\n<p><strong>Owner and Publisher<\/strong>:<\/p>\n\n\n\n<p>Assoz. Prof. Dr. Eva-Maria Graf<br>Universit\u00e4t Klagenfurt<br>Universit\u00e4tsstra\u00dfe 65-67<br>9020 Klagenfurt am W\u00f6rthersee<br>Austria<\/p>\n\n\n\n<p>The owner and publisher for the website (<a href=\"https:\/\/questions-in-coaching\">https:\/\/questions-in-coaching<\/a>) is Assoz. Prof. Dr. Eva-Maria Graf head of the research project \u201cQuestioning Sequences in Coaching\u201d. The content and editorial responsibility for the main pages of the University of Klagenfurt lies with Assoz. Prof. Dr. Eva-Maria Graf.<\/p>\n\n\n\n<p><strong>Technical support:<\/strong><br>The technical support for the WWW server www.aau.at is carried out by Central computing services (CCS) at the University of Klagenfurt. If technical problems occur, then please email quesco@aau.at.<\/p>\n\n\n\n<p><strong>Design\/Implementation:<\/strong><br>The content and graphic design, the programming and the implementation of the web presence have been created and implemented jointly by the project team, especially by Melanie Fleischhacker and Tamara Urach.<\/p>\n\n\n\n<p><strong>Liability:<\/strong><br>All texts on the website of the University of Klagenfurt have been produced with care. Irrespective of this, no guarantee can be provided for the information being correct, complete or up-to-date. Liability for the University of Klagenfurt is therefore excluded. Links to other websites have been carefully selected. As the University of Klagenfurt has no influence on their content, it accepts no responsibility for them.<\/p>\n","protected":false},"excerpt":{"rendered":"<p>Legal notice Disclosure as per section 25 MedienG [Media Act] Owner and Publisher: Assoz. Prof. Dr. Eva-Maria GrafUniversit\u00e4t KlagenfurtUniversit\u00e4tsstra\u00dfe 65-679020 Klagenfurt am W\u00f6rtherseeAustria The owner and publisher for the website (https:\/\/questions-in-coaching) is Assoz. Prof. Dr. Eva-Maria Graf head of the research project \u201cQuestioning Sequences in Coaching\u201d. The content and editorial responsibility for the main pages [&hellip;]<\/p>\n","protected":false},"author":1,"featured_media":0,"parent":0,"menu_order":0,"comment_status":"closed","ping_status":"closed","template":"","meta":{"qubely_global_settings":"","qubely_interactions":"","advgb_blocks_editor_width":"","advgb_blocks_columns_visual_guide":"","footnotes":""},"class_list":["post-2468","page","type-page","status-publish","hentry"],"blocksy_meta":{"styles_descriptor":{"styles":{"desktop":"","tablet":"","mobile":""},"google_fonts":[],"version":6}},"coauthors":[],"author_meta":{"author_link":"https:\/\/questions-in-coaching.aau.at\/en\/author\/qicadmin\/","display_name":"QueSCo"},"relative_dates":{"created":"Posted 5 years ago","modified":"Updated 5 years ago"},"absolute_dates":{"created":"Posted on August 4, 2021","modified":"Updated on August 27, 2021"},"absolute_dates_time":{"created":"Posted on August 4, 2021 3:13 pm","modified":"Updated on August 27, 2021 8:03 am"},"featured_img_caption":"","featured_img":false,"series_order":"","_links":{"self":[{"href":"https:\/\/questions-in-coaching.aau.at\/en\/wp-json\/wp\/v2\/pages\/2468","targetHints":{"allow":["GET"]}}],"collection":[{"href":"https:\/\/questions-in-coaching.aau.at\/en\/wp-json\/wp\/v2\/pages"}],"about":[{"href":"https:\/\/questions-in-coaching.aau.at\/en\/wp-json\/wp\/v2\/types\/page"}],"author":[{"embeddable":true,"href":"https:\/\/questions-in-coaching.aau.at\/en\/wp-json\/wp\/v2\/users\/1"}],"replies":[{"embeddable":true,"href":"https:\/\/questions-in-coaching.aau.at\/en\/wp-json\/wp\/v2\/comments?post=2468"}],"version-history":[{"count":4,"href":"https:\/\/questions-in-coaching.aau.at\/en\/wp-json\/wp\/v2\/pages\/2468\/revisions"}],"predecessor-version":[{"id":2829,"href":"https:\/\/questions-in-coaching.aau.at\/en\/wp-json\/wp\/v2\/pages\/2468\/revisions\/2829"}],"wp:attachment":[{"href":"https:\/\/questions-in-coaching.aau.at\/en\/wp-json\/wp\/v2\/media?parent=2468"}],"curies":[{"name":"wp","href":"https:\/\/api.w.org\/{rel}","templated":true}]}}